{"id":19670,"date":"2022-04-19T15:18:09","date_gmt":"2022-04-19T15:18:09","guid":{"rendered":"https:\/\/kortarsalkotomuhely.hu\/previous-lake-balaton-art-residencies\/"},"modified":"2022-04-19T15:18:10","modified_gmt":"2022-04-19T15:18:10","slug":"previous-lake-balaton-art-residencies","status":"publish","type":"page","link":"https:\/\/balatonartresidency.com\/en\/previous-lake-balaton-art-residencies\/","title":{"rendered":"Previous Lake Balaton Art Residencies"},"content":{"rendered":"<section class=\"wpb-content-wrapper\"><p>[vc_row content_width=&#8221;grid&#8221; css=&#8221;.vc_custom_1492697181050{padding-top: 52px !important;}&#8221;][vc_column]<div class = \"edgtf-portfolio-list-holder-outer edgtf-ptf-standard edgtf-ptf-two-columns\" data-next-page= 2 data-type= standard data-columns= 2 data-grid-size= three data-order-by= title data-order= DESC data-number= 6 data-image-size= full data-filter= no data-filter-order-by= name data-category= korabbi-alkotomuhelyek data-show-load-more= no data-title-tag= h4 data-max-num-pages = 1><div class = \"edgtf-portfolio-list-holder clearfix\" >\n<article class=\"edgtf-portfolio-item mix portfolio_category_89\">\n\t<div class = \"edgtf-item-image-holder\">\n\t\t<a class =\"edgtf-portfolio-link\" href=\"https:\/\/balatonartresidency.com\/en\/portfolio-item\/alkotomuhely-2022\/\"><\/a>\n\t\t<img loading=\"lazy\" decoding=\"async\" width=\"1152\" height=\"768\" src=\"https:\/\/balatonartresidency.com\/wp-content\/uploads\/2023\/04\/IMG_3059.jpg\" class=\"attachment-full size-full wp-post-image\" alt=\"\" srcset=\"https:\/\/balatonartresidency.com\/wp-content\/uploads\/2023\/04\/IMG_3059.jpg 1152w, https:\/\/balatonartresidency.com\/wp-content\/uploads\/2023\/04\/IMG_3059-300x200.jpg 300w, https:\/\/balatonartresidency.com\/wp-content\/uploads\/2023\/04\/IMG_3059-1024x683.jpg 1024w, https:\/\/balatonartresidency.com\/wp-content\/uploads\/2023\/04\/IMG_3059-768x512.jpg 768w\" sizes=\"auto, (max-width: 1152px) 100vw, 1152px\" \/>\t<\/div>\n\t<div class=\"edgtf-item-text-holder\">\n\t\t<h4 class=\"edgtf-item-title\">\n\t\t\t<a href=\"https:\/\/balatonartresidency.com\/en\/portfolio-item\/alkotomuhely-2022\/\">\n\t\t\t\t<span class=\"edgtf-item-title-inner\">Lake Balaton Art Residency 2022<\/span>\n\t\t\t<\/a>\n\t\t<\/h4>\n\t\t<div class=\"edgtf-ptf-category-holder\"><span>Kor\u00e1bbi alkot\u00f3m\u0171helyek<\/span><\/div>\t<\/div>\n<\/article>\n\n\n<article class=\"edgtf-portfolio-item mix portfolio_category_89\">\n\t<div class = \"edgtf-item-image-holder\">\n\t\t<a class =\"edgtf-portfolio-link\" href=\"https:\/\/balatonartresidency.com\/en\/portfolio-item\/art-residency-2021\/\"><\/a>\n\t\t<img loading=\"lazy\" decoding=\"async\" width=\"1000\" height=\"667\" src=\"https:\/\/balatonartresidency.com\/wp-content\/uploads\/2022\/05\/alkotomuhely-2021-44.jpg\" class=\"attachment-full size-full wp-post-image\" alt=\"\" srcset=\"https:\/\/balatonartresidency.com\/wp-content\/uploads\/2022\/05\/alkotomuhely-2021-44.jpg 1000w, https:\/\/balatonartresidency.com\/wp-content\/uploads\/2022\/05\/alkotomuhely-2021-44-300x200.jpg 300w, https:\/\/balatonartresidency.com\/wp-content\/uploads\/2022\/05\/alkotomuhely-2021-44-768x512.jpg 768w\" sizes=\"auto, (max-width: 1000px) 100vw, 1000px\" \/>\t<\/div>\n\t<div class=\"edgtf-item-text-holder\">\n\t\t<h4 class=\"edgtf-item-title\">\n\t\t\t<a href=\"https:\/\/balatonartresidency.com\/en\/portfolio-item\/art-residency-2021\/\">\n\t\t\t\t<span class=\"edgtf-item-title-inner\">Lake Balaton Art Residency 2021<\/span>\n\t\t\t<\/a>\n\t\t<\/h4>\n\t\t<div class=\"edgtf-ptf-category-holder\"><span>Kor\u00e1bbi alkot\u00f3m\u0171helyek<\/span><\/div>\t<\/div>\n<\/article>\n\n\n<article class=\"edgtf-portfolio-item mix portfolio_category_89\">\n\t<div class = \"edgtf-item-image-holder\">\n\t\t<a class =\"edgtf-portfolio-link\" href=\"https:\/\/balatonartresidency.com\/en\/portfolio-item\/lake-balaton-art-residency-2020\/\"><\/a>\n\t\t<img loading=\"lazy\" decoding=\"async\" width=\"800\" height=\"600\" src=\"https:\/\/balatonartresidency.com\/wp-content\/uploads\/2021\/05\/29alkotomuhely2020.jpg\" class=\"attachment-full size-full wp-post-image\" alt=\"\" srcset=\"https:\/\/balatonartresidency.com\/wp-content\/uploads\/2021\/05\/29alkotomuhely2020.jpg 800w, https:\/\/balatonartresidency.com\/wp-content\/uploads\/2021\/05\/29alkotomuhely2020-300x225.jpg 300w, https:\/\/balatonartresidency.com\/wp-content\/uploads\/2021\/05\/29alkotomuhely2020-768x576.jpg 768w\" sizes=\"auto, (max-width: 800px) 100vw, 800px\" \/>\t<\/div>\n\t<div class=\"edgtf-item-text-holder\">\n\t\t<h4 class=\"edgtf-item-title\">\n\t\t\t<a href=\"https:\/\/balatonartresidency.com\/en\/portfolio-item\/lake-balaton-art-residency-2020\/\">\n\t\t\t\t<span class=\"edgtf-item-title-inner\">Lake Balaton Art Residency 2020<\/span>\n\t\t\t<\/a>\n\t\t<\/h4>\n\t\t<div class=\"edgtf-ptf-category-holder\"><span>Kor\u00e1bbi alkot\u00f3m\u0171helyek<\/span><\/div>\t<\/div>\n<\/article>\n\n\n<article class=\"edgtf-portfolio-item mix portfolio_category_89\">\n\t<div class = \"edgtf-item-image-holder\">\n\t\t<a class =\"edgtf-portfolio-link\" href=\"https:\/\/balatonartresidency.com\/en\/portfolio-item\/lake-balaton-art-residency-2019\/\"><\/a>\n\t\t<img loading=\"lazy\" decoding=\"async\" width=\"800\" height=\"600\" src=\"https:\/\/balatonartresidency.com\/wp-content\/uploads\/2021\/05\/4alkotomuhely2019.jpg\" class=\"attachment-full size-full wp-post-image\" alt=\"\" srcset=\"https:\/\/balatonartresidency.com\/wp-content\/uploads\/2021\/05\/4alkotomuhely2019.jpg 800w, https:\/\/balatonartresidency.com\/wp-content\/uploads\/2021\/05\/4alkotomuhely2019-300x225.jpg 300w, https:\/\/balatonartresidency.com\/wp-content\/uploads\/2021\/05\/4alkotomuhely2019-768x576.jpg 768w\" sizes=\"auto, (max-width: 800px) 100vw, 800px\" \/>\t<\/div>\n\t<div class=\"edgtf-item-text-holder\">\n\t\t<h4 class=\"edgtf-item-title\">\n\t\t\t<a href=\"https:\/\/balatonartresidency.com\/en\/portfolio-item\/lake-balaton-art-residency-2019\/\">\n\t\t\t\t<span class=\"edgtf-item-title-inner\">Lake Balaton Art Residency 2019<\/span>\n\t\t\t<\/a>\n\t\t<\/h4>\n\t\t<div class=\"edgtf-ptf-category-holder\"><span>Kor\u00e1bbi alkot\u00f3m\u0171helyek<\/span><\/div>\t<\/div>\n<\/article>\n\n\n<article class=\"edgtf-portfolio-item mix portfolio_category_89\">\n\t<div class = \"edgtf-item-image-holder\">\n\t\t<a class =\"edgtf-portfolio-link\" href=\"https:\/\/balatonartresidency.com\/en\/portfolio-item\/lake-balaton-art-residency-2018\/\"><\/a>\n\t\t<img loading=\"lazy\" decoding=\"async\" width=\"960\" height=\"720\" src=\"https:\/\/balatonartresidency.com\/wp-content\/uploads\/2021\/05\/3alkotomuhely2018.jpg\" class=\"attachment-full size-full wp-post-image\" alt=\"\" srcset=\"https:\/\/balatonartresidency.com\/wp-content\/uploads\/2021\/05\/3alkotomuhely2018.jpg 960w, https:\/\/balatonartresidency.com\/wp-content\/uploads\/2021\/05\/3alkotomuhely2018-300x225.jpg 300w, https:\/\/balatonartresidency.com\/wp-content\/uploads\/2021\/05\/3alkotomuhely2018-768x576.jpg 768w, https:\/\/balatonartresidency.com\/wp-content\/uploads\/2021\/05\/3alkotomuhely2018-800x600.jpg 800w\" sizes=\"auto, (max-width: 960px) 100vw, 960px\" \/>\t<\/div>\n\t<div class=\"edgtf-item-text-holder\">\n\t\t<h4 class=\"edgtf-item-title\">\n\t\t\t<a href=\"https:\/\/balatonartresidency.com\/en\/portfolio-item\/lake-balaton-art-residency-2018\/\">\n\t\t\t\t<span class=\"edgtf-item-title-inner\">BAR 2018<\/span>\n\t\t\t<\/a>\n\t\t<\/h4>\n\t\t<div class=\"edgtf-ptf-category-holder\"><span>Kor\u00e1bbi alkot\u00f3m\u0171helyek<\/span><\/div>\t<\/div>\n<\/article>\n\n<div class='edgtf-portfolio-gap'><\/div>\n<div class='edgtf-portfolio-gap'><\/div>\n<\/div><\/div>[\/vc_column][\/vc_row]<\/p>\n<\/section>","protected":false},"excerpt":{"rendered":"<p>[vc_row content_width=&#8221;grid&#8221; css=&#8221;.vc_custom_1492697181050{padding-top: 52px !important;}&#8221;][vc_column][\/vc_column][\/vc_row]<\/p>\n","protected":false},"author":1,"featured_media":0,"parent":0,"menu_order":0,"comment_status":"closed","ping_status":"closed","template":"full-width.php","meta":{"footnotes":""},"class_list":["post-19670","page","type-page","status-publish","hentry"],"_links":{"self":[{"href":"https:\/\/balatonartresidency.com\/en\/wp-json\/wp\/v2\/pages\/19670","targetHints":{"allow":["GET"]}}],"collection":[{"href":"https:\/\/balatonartresidency.com\/en\/wp-json\/wp\/v2\/pages"}],"about":[{"href":"https:\/\/balatonartresidency.com\/en\/wp-json\/wp\/v2\/types\/page"}],"author":[{"embeddable":true,"href":"https:\/\/balatonartresidency.com\/en\/wp-json\/wp\/v2\/users\/1"}],"replies":[{"embeddable":true,"href":"https:\/\/balatonartresidency.com\/en\/wp-json\/wp\/v2\/comments?post=19670"}],"version-history":[{"count":3,"href":"https:\/\/balatonartresidency.com\/en\/wp-json\/wp\/v2\/pages\/19670\/revisions"}],"predecessor-version":[{"id":19673,"href":"https:\/\/balatonartresidency.com\/en\/wp-json\/wp\/v2\/pages\/19670\/revisions\/19673"}],"wp:attachment":[{"href":"https:\/\/balatonartresidency.com\/en\/wp-json\/wp\/v2\/media?parent=19670"}],"curies":[{"name":"wp","href":"https:\/\/api.w.org\/{rel}","templated":true}]}}