{"id":19474,"date":"2022-03-17T09:00:45","date_gmt":"2022-03-17T09:00:45","guid":{"rendered":"https:\/\/kortarsalkotomuhely.hu\/sponsors\/"},"modified":"2024-02-18T10:14:07","modified_gmt":"2024-02-18T10:14:07","slug":"sponsors","status":"publish","type":"page","link":"https:\/\/balatonartresidency.com\/en\/sponsors\/","title":{"rendered":"Sponsors"},"content":{"rendered":"<section class=\"wpb-content-wrapper\"><p>[vc_row content_width=&#8221;grid&#8221; el_class=&#8221;anchor-item&#8221;][vc_column]<div class=\"edgtf-carousel-holder clearfix\"><div class=\"edgtf-carousel edgtf-slick-slider-navigation-style\" data-items=\"3\" data-arrows-navigation=\"no\" data-dots-navigation=\"no\"><div class=\"edgtf-carousel-item-holder\">\n\t\t<a href=\"https:\/\/veszprembalaton2023.hu\/\" target=\"_blank\" rel=\"noopener\">\n\t\t\t\t\t\t<span class=\"edgtf-carousel-first-image-holder edgtf-has-hover-image edgtf-image-change\">\n\t\t\t\t<img decoding=\"async\" src=\"https:\/\/balatonartresidency.com\/wp-content\/uploads\/2021\/07\/veb2023.png\" alt=\"01 VEB2023\">\n\t\t\t<\/span>\n\t\t\t\t\t\t\t<span class=\"edgtf-carousel-second-image-holder edgtf-has-hover-image edgtf-image-change\">\n\t\t\t\t<img decoding=\"async\" src=\"https:\/\/balatonartresidency.com\/wp-content\/uploads\/2021\/07\/veb2023.png\" alt=\"01 VEB2023\">\n\t\t\t<\/span>\n\t\t\t\t<\/a>\n\t<\/div><div class=\"edgtf-carousel-item-holder\">\n\t\t<a href=\"https:\/\/balatonartresidency.com\/en\/sponsors\/#kultura-hu\" target=\"_self\">\n\t\t\t\t\t\t<span class=\"edgtf-carousel-first-image-holder edgtf-has-hover-image edgtf-image-change\">\n\t\t\t\t<img decoding=\"async\" src=\"https:\/\/balatonartresidency.com\/wp-content\/uploads\/2022\/04\/kultura-hu-logo-bw_245_125.jpg\" alt=\"06 Kult\u00fara.hu\">\n\t\t\t<\/span>\n\t\t\t\t\t\t\t<span class=\"edgtf-carousel-second-image-holder edgtf-has-hover-image edgtf-image-change\">\n\t\t\t\t<img decoding=\"async\" src=\"https:\/\/balatonartresidency.com\/wp-content\/uploads\/2022\/04\/kultura-hu-logo_245_125.jpg\" alt=\"06 Kult\u00fara.hu\">\n\t\t\t<\/span>\n\t\t\t\t<\/a>\n\t<\/div><div class=\"edgtf-carousel-item-holder\">\n\t\t<a href=\"https:\/\/balatonartresidency.com\/en\/sponsors\/#rajkai-laszlo\" target=\"_self\">\n\t\t\t\t\t\t<span class=\"edgtf-carousel-first-image-holder edgtf-has-hover-image edgtf-image-change\">\n\t\t\t\t<img decoding=\"async\" src=\"https:\/\/balatonartresidency.com\/wp-content\/uploads\/2021\/05\/rajkailaszlo-bw.png\" alt=\"05 Rajkai L\u00e1szl\u00f3\">\n\t\t\t<\/span>\n\t\t\t\t\t\t\t<span class=\"edgtf-carousel-second-image-holder edgtf-has-hover-image edgtf-image-change\">\n\t\t\t\t<img decoding=\"async\" src=\"https:\/\/balatonartresidency.com\/wp-content\/uploads\/2021\/05\/rajkailaszlo.png\" alt=\"05 Rajkai L\u00e1szl\u00f3\">\n\t\t\t<\/span>\n\t\t\t\t<\/a>\n\t<\/div><div class=\"edgtf-carousel-item-holder\">\n\t\t<a href=\"https:\/\/balatonartresidency.com\/en\/sponsors\/#dalaton-solution\" target=\"_self\">\n\t\t\t\t\t\t<span class=\"edgtf-carousel-first-image-holder edgtf-has-hover-image edgtf-image-change\">\n\t\t\t\t<img decoding=\"async\" src=\"https:\/\/balatonartresidency.com\/wp-content\/uploads\/2021\/05\/dalaton-bw.png\" alt=\"04 DALATON\">\n\t\t\t<\/span>\n\t\t\t\t\t\t\t<span class=\"edgtf-carousel-second-image-holder edgtf-has-hover-image edgtf-image-change\">\n\t\t\t\t<img decoding=\"async\" src=\"https:\/\/balatonartresidency.com\/wp-content\/uploads\/2021\/05\/dalaton.png\" alt=\"04 DALATON\">\n\t\t\t<\/span>\n\t\t\t\t<\/a>\n\t<\/div><div class=\"edgtf-carousel-item-holder\">\n\t\t<a href=\"https:\/\/balatonartresidency.com\/en\/sponsors\/#szolad\" target=\"_self\">\n\t\t\t\t\t\t<span class=\"edgtf-carousel-first-image-holder edgtf-has-hover-image edgtf-image-change\">\n\t\t\t\t<img decoding=\"async\" src=\"https:\/\/balatonartresidency.com\/wp-content\/uploads\/2021\/05\/szolad-bw.png\" alt=\"03 Sz\u00f3l\u00e1d\">\n\t\t\t<\/span>\n\t\t\t\t\t\t\t<span class=\"edgtf-carousel-second-image-holder edgtf-has-hover-image edgtf-image-change\">\n\t\t\t\t<img decoding=\"async\" src=\"https:\/\/balatonartresidency.com\/wp-content\/uploads\/2021\/05\/szolad.png\" alt=\"03 Sz\u00f3l\u00e1d\">\n\t\t\t<\/span>\n\t\t\t\t<\/a>\n\t<\/div><div class=\"edgtf-carousel-item-holder\">\n\t\t<a href=\"https:\/\/balatonartresidency.com\/en\/sponsors\/#kogart\" target=\"_self\">\n\t\t\t\t\t\t<span class=\"edgtf-carousel-first-image-holder edgtf-has-hover-image edgtf-image-change\">\n\t\t\t\t<img decoding=\"async\" src=\"https:\/\/balatonartresidency.com\/wp-content\/uploads\/2022\/06\/kogart-logo-125-bw.png\" alt=\"07 KOGART\">\n\t\t\t<\/span>\n\t\t\t\t\t\t\t<span class=\"edgtf-carousel-second-image-holder edgtf-has-hover-image edgtf-image-change\">\n\t\t\t\t<img decoding=\"async\" src=\"https:\/\/balatonartresidency.com\/wp-content\/uploads\/2022\/06\/kogart-logo-125.png\" alt=\"07 KOGART\">\n\t\t\t<\/span>\n\t\t\t\t<\/a>\n\t<\/div><div class=\"edgtf-carousel-item-holder\">\n\t\t<a href=\"https:\/\/balatonartresidency.com\/en\/sponsors\/#acb\" target=\"_self\">\n\t\t\t\t\t\t<span class=\"edgtf-carousel-first-image-holder edgtf-has-hover-image edgtf-image-change\">\n\t\t\t\t<img decoding=\"async\" src=\"https:\/\/balatonartresidency.com\/wp-content\/uploads\/2022\/06\/acb-logo-125-bw.png\" alt=\"08 acb\">\n\t\t\t<\/span>\n\t\t\t\t\t\t\t<span class=\"edgtf-carousel-second-image-holder edgtf-has-hover-image edgtf-image-change\">\n\t\t\t\t<img decoding=\"async\" src=\"https:\/\/balatonartresidency.com\/wp-content\/uploads\/2022\/06\/acb-logo-125.png\" alt=\"08 acb\">\n\t\t\t<\/span>\n\t\t\t\t<\/a>\n\t<\/div><div class=\"edgtf-carousel-item-holder\">\n\t\t<a href=\"https:\/\/balatonartresidency.com\/en\/sponsors\/#papai_szc\" target=\"_self\">\n\t\t\t\t\t\t<span class=\"edgtf-carousel-first-image-holder edgtf-has-hover-image edgtf-image-change\">\n\t\t\t\t<img decoding=\"async\" src=\"https:\/\/balatonartresidency.com\/wp-content\/uploads\/2023\/06\/papai_szc_bw.png\" alt=\"09 papai_szc_en\">\n\t\t\t<\/span>\n\t\t\t\t\t\t\t<span class=\"edgtf-carousel-second-image-holder edgtf-has-hover-image edgtf-image-change\">\n\t\t\t\t<img decoding=\"async\" src=\"https:\/\/balatonartresidency.com\/wp-content\/uploads\/2023\/06\/papai_szc_color.png\" alt=\"09 papai_szc_en\">\n\t\t\t<\/span>\n\t\t\t\t<\/a>\n\t<\/div><div class=\"edgtf-carousel-item-holder\">\n\t\t<a href=\"https:\/\/balatonartresidency.com\/en\/sponsors\/#szlovak_intezet\" target=\"_self\">\n\t\t\t\t\t\t<span class=\"edgtf-carousel-first-image-holder edgtf-has-hover-image edgtf-image-change\">\n\t\t\t\t<img decoding=\"async\" src=\"https:\/\/balatonartresidency.com\/wp-content\/uploads\/2023\/06\/slovensky_institut_bw.png\" alt=\"10 szlovak_intezet_en\">\n\t\t\t<\/span>\n\t\t\t\t\t\t\t<span class=\"edgtf-carousel-second-image-holder edgtf-has-hover-image edgtf-image-change\">\n\t\t\t\t<img decoding=\"async\" src=\"https:\/\/balatonartresidency.com\/wp-content\/uploads\/2023\/06\/slovensky_institut_color.png\" alt=\"10 szlovak_intezet_en\">\n\t\t\t<\/span>\n\t\t\t\t<\/a>\n\t<\/div><\/div><\/div>[vc_empty_space height=&#8221;100px&#8221;][\/vc_column][\/vc_row][vc_row content_width=&#8221;grid&#8221; css=&#8221;.vc_custom_1620059285836{padding-bottom: 90px !important;}&#8221; el_id=&#8221;szolad&#8221;][vc_column offset=&#8221;vc_col-lg-6 vc_col-md-6 vc_col-xs-12&#8243;][vc_single_image image=&#8221;18591&#8243; img_size=&#8221;full&#8221;][vc_empty_space height=&#8221;35px&#8221;][\/vc_column][vc_column offset=&#8221;vc_col-lg-6 vc_col-md-6 vc_col-xs-12&#8243;]<div class=\"edgtf-elements-holder edgtf-responsive-mode-768\" ><div class=\"edgtf-elements-holder-item \" data-item-class=\"edgtf-elements-holder-custom-903308\" data-1280-1600=\"2% 7% 2% 5%\" data-1024-1280=\"2% 7% 2% 5%\" data-768-1024=\"2% 0% 2% 3%\" data-600-768=\"5% 0% 1% 0%\" >\n\t\t<div class=\"edgtf-elements-holder-item-inner\">\n\t\t<div class=\"edgtf-elements-holder-item-content edgtf-elements-holder-custom-903308\" style=\"padding: 2% 7% 2% 5%\">\n\t\t\t[vc_column_text]<\/p>\n<h2>Municipality of Sz\u00f3l\u00e1d<\/h2>\n<p>[\/vc_column_text][vc_column_text]<\/p>\n<h5>Year of joining: 2018<\/h5>\n<p>[\/vc_column_text][vc_column_text]<a href=\"https:\/\/szolad.hu\/\" target=\"_blank\" rel=\"noopener\">https:\/\/szolad.hu\/<\/a>[\/vc_column_text][vc_empty_space height=&#8221;35px&#8221;][vc_column_text]Sz\u00f3l\u00e1d is located in the northwestern part of Outer Somogy, south of Balatonsz\u00e1rsz\u00f3, at latitude 46\u00b0 17&#8242;, longitude 17\u00b0 51&#8242; east of Greenwich. This area, which is the north-eastern part of the Transdanubian hills, is so different in structure, topography, climate, vegetation and soil conditions from the area to the south, which is known as Inner Somogy, that it can be classified as a central landscape because of the land characteristics. The administrative boundaries of the village are Balaton\u0151sz\u00f6d in the northwest, Teleki in the west, K\u00f6tcse in the south, Kereki in the east, K\u0151r\u00f6shegy in the northeast and Balatonsz\u00e1rsz\u00f3 in the north. Its distance from the southern shore of Lake Balaton is 3.5 km. The average altitude of the inner part of the village in relation to the Baltic sea level varies from 112,5 to 150 m, the highest point of the outer part of the village east of the Nezde valley is 283 m. The broader environment of the micro-region under study is separated by sharp boundaries from the bordering pool of Lake Balaton which is connected to the shore of Lake Balaton by denudation steps between Balatonbogl\u00e1r and Si\u00f3fok. The southern boundary of this larger region is marked by the Kapos valley, bordered to the east by the Tolna ridge and to the south of that by the Zselic hills. The natural border to the west is formed by the eastern edge of the Nagyberek in the Fony\u00f3d area. This larger autonomous territorial unit covers an area of 2884 km2.[\/vc_column_text][vc_empty_space height=&#8221;35px&#8221;]\t\t<\/div>\n\t<\/div>\n\t<\/div><\/div>[\/vc_column][\/vc_row][vc_row content_width=&#8221;grid&#8221; css=&#8221;.vc_custom_1620061963635{padding-bottom: 90px !important;}&#8221; el_id=&#8221;rajkai-laszlo&#8221;][vc_column offset=&#8221;vc_col-lg-6 vc_col-md-6 vc_col-xs-12&#8243;][vc_single_image image=&#8221;18583&#8243; img_size=&#8221;full&#8221;][vc_empty_space height=&#8221;35px&#8221;][\/vc_column][vc_column offset=&#8221;vc_col-lg-6 vc_col-md-6 vc_col-xs-12&#8243;]<div class=\"edgtf-elements-holder edgtf-responsive-mode-768\" ><div class=\"edgtf-elements-holder-item \" data-item-class=\"edgtf-elements-holder-custom-391000\" data-1280-1600=\"2% 7% 2% 5%\" data-1024-1280=\"2% 7% 2% 5%\" data-768-1024=\"2% 0% 2% 3%\" data-600-768=\"5% 0% 1% 0%\" >\n\t\t<div class=\"edgtf-elements-holder-item-inner\">\n\t\t<div class=\"edgtf-elements-holder-item-content edgtf-elements-holder-custom-391000\" style=\"padding: 2% 7% 2% 5%\">\n\t\t\t[vc_column_text]<\/p>\n<h2>L\u00e1szl\u00f3 Rajkai<\/h2>\n<p>[\/vc_column_text][vc_column_text]<\/p>\n<h5>Year of joining: 2021<\/h5>\n<p>[\/vc_column_text][vc_column_text]<a href=\"https:\/\/rajkailaszlo.hu\/\" target=\"_blank\" rel=\"noopener\">https:\/\/rajkailaszlo.hu\/<\/a>[\/vc_column_text][vc_empty_space height=&#8221;35px&#8221;][vc_empty_space height=&#8221;35px&#8221;]\t\t<\/div>\n\t<\/div>\n\t<\/div><\/div>[\/vc_column][\/vc_row][vc_row content_width=&#8221;grid&#8221; css=&#8221;.vc_custom_1655281911894{padding-bottom: 90px !important;}&#8221; el_id=&#8221;kultura-hu&#8221;][vc_column offset=&#8221;vc_col-lg-6 vc_col-md-6 vc_col-xs-12&#8243;][vc_single_image image=&#8221;19655&#8243; img_size=&#8221;full&#8221;][vc_empty_space height=&#8221;35px&#8221;][\/vc_column][vc_column offset=&#8221;vc_col-lg-6 vc_col-md-6 vc_col-xs-12&#8243;]<div class=\"edgtf-elements-holder edgtf-responsive-mode-768\" ><div class=\"edgtf-elements-holder-item \" data-item-class=\"edgtf-elements-holder-custom-690535\" data-1280-1600=\"2% 7% 2% 5%\" data-1024-1280=\"2% 7% 2% 5%\" data-768-1024=\"2% 0% 2% 3%\" data-600-768=\"5% 0% 1% 0%\" >\n\t\t<div class=\"edgtf-elements-holder-item-inner\">\n\t\t<div class=\"edgtf-elements-holder-item-content edgtf-elements-holder-custom-690535\" style=\"padding: 2% 7% 2% 5%\">\n\t\t\t[vc_column_text]<\/p>\n<h2>KULT\u00daRA.HU<\/h2>\n<p>[\/vc_column_text][vc_column_text]<\/p>\n<h5>Year of joining: 2021<\/h5>\n<p>[\/vc_column_text][vc_column_text]<a href=\"https:\/\/kultura.hu\/\" target=\"_blank\" rel=\"noopener\">https:\/\/kultura.hu\/<\/a>[\/vc_column_text][vc_empty_space height=&#8221;35px&#8221;][vc_empty_space height=&#8221;35px&#8221;]\t\t<\/div>\n\t<\/div>\n\t<\/div><\/div>[\/vc_column][\/vc_row][vc_row content_width=&#8221;grid&#8221; css=&#8221;.vc_custom_1655281999259{padding-bottom: 90px !important;}&#8221; el_id=&#8221;kogart&#8221;][vc_column offset=&#8221;vc_col-lg-6 vc_col-md-6 vc_col-xs-12&#8243;][vc_single_image image=&#8221;20014&#8243; img_size=&#8221;full&#8221;][vc_empty_space height=&#8221;35px&#8221;][\/vc_column][vc_column offset=&#8221;vc_col-lg-6 vc_col-md-6 vc_col-xs-12&#8243;]<div class=\"edgtf-elements-holder edgtf-responsive-mode-768\" ><div class=\"edgtf-elements-holder-item \" data-item-class=\"edgtf-elements-holder-custom-509616\" data-1280-1600=\"2% 7% 2% 5%\" data-1024-1280=\"2% 7% 2% 5%\" data-768-1024=\"2% 0% 2% 3%\" data-600-768=\"5% 0% 1% 0%\" >\n\t\t<div class=\"edgtf-elements-holder-item-inner\">\n\t\t<div class=\"edgtf-elements-holder-item-content edgtf-elements-holder-custom-509616\" style=\"padding: 2% 7% 2% 5%\">\n\t\t\t[vc_column_text]<\/p>\n<h2>KOGART.HU<\/h2>\n<p>[\/vc_column_text][vc_column_text]<\/p>\n<h5>Year of joining: 2020<\/h5>\n<p>[\/vc_column_text][vc_column_text]<a href=\"http:\/\/www.kogart.hu\/\" target=\"_blank\" rel=\"noopener\">http:\/\/www.kogart.hu\/<\/a>[\/vc_column_text][vc_empty_space height=&#8221;35px&#8221;][vc_empty_space height=&#8221;35px&#8221;]\t\t<\/div>\n\t<\/div>\n\t<\/div><\/div>[\/vc_column][\/vc_row][vc_row content_width=&#8221;grid&#8221; css=&#8221;.vc_custom_1655282608432{padding-bottom: 90px !important;}&#8221; el_id=&#8221;acb&#8221;][vc_column offset=&#8221;vc_col-lg-6 vc_col-md-6 vc_col-xs-12&#8243;][vc_single_image image=&#8221;20027&#8243; img_size=&#8221;full&#8221;][vc_empty_space height=&#8221;35px&#8221;][\/vc_column][vc_column offset=&#8221;vc_col-lg-6 vc_col-md-6 vc_col-xs-12&#8243;]<div class=\"edgtf-elements-holder edgtf-responsive-mode-768\" ><div class=\"edgtf-elements-holder-item \" data-item-class=\"edgtf-elements-holder-custom-771964\" data-1280-1600=\"2% 7% 2% 5%\" data-1024-1280=\"2% 7% 2% 5%\" data-768-1024=\"2% 0% 2% 3%\" data-600-768=\"5% 0% 1% 0%\" >\n\t\t<div class=\"edgtf-elements-holder-item-inner\">\n\t\t<div class=\"edgtf-elements-holder-item-content edgtf-elements-holder-custom-771964\" style=\"padding: 2% 7% 2% 5%\">\n\t\t\t[vc_column_text]<\/p>\n<h2>acb Gallery<\/h2>\n<p>[\/vc_column_text][vc_column_text]<\/p>\n<h5>Year of joining: 2022<\/h5>\n<p>[\/vc_column_text][vc_column_text]<a href=\"https:\/\/acbgaleria.hu\/\" target=\"_blank\" rel=\"noopener\">https:\/\/acbgaleria.hu\/<\/a>[\/vc_column_text][vc_empty_space height=&#8221;35px&#8221;][vc_empty_space height=&#8221;35px&#8221;]\t\t<\/div>\n\t<\/div>\n\t<\/div><\/div>[\/vc_column][\/vc_row][vc_row content_width=&#8221;grid&#8221; css=&#8221;.vc_custom_1686165250641{padding-bottom: 90px !important;}&#8221; el_id=&#8221;papai_szc&#8221;][vc_column offset=&#8221;vc_col-lg-6 vc_col-md-6 vc_col-xs-12&#8243;][vc_single_image image=&#8221;20361&#8243; img_size=&#8221;full&#8221;][vc_empty_space height=&#8221;35px&#8221;][\/vc_column][vc_column offset=&#8221;vc_col-lg-6 vc_col-md-6 vc_col-xs-12&#8243;]<div class=\"edgtf-elements-holder edgtf-responsive-mode-768\" ><div class=\"edgtf-elements-holder-item \" data-item-class=\"edgtf-elements-holder-custom-739419\" data-1280-1600=\"2% 7% 2% 5%\" data-1024-1280=\"2% 7% 2% 5%\" data-768-1024=\"2% 0% 2% 3%\" data-600-768=\"5% 0% 1% 0%\" >\n\t\t<div class=\"edgtf-elements-holder-item-inner\">\n\t\t<div class=\"edgtf-elements-holder-item-content edgtf-elements-holder-custom-739419\" style=\"padding: 2% 7% 2% 5%\">\n\t\t\t[vc_column_text]<\/p>\n<h2>P\u00e1pai J\u00f3kai M\u00f3r K\u00f6zgazdas\u00e1gi Technikum \u00e9s Koll\u00e9gium<\/h2>\n<p>[\/vc_column_text][vc_column_text]<\/p>\n<h5>Year of joining: 2023<\/h5>\n<p>[\/vc_column_text][vc_column_text]<a href=\"https:\/\/www.papaiszakkepzo.hu\/\" target=\"_blank\" rel=\"noopener\">https:\/\/www.papaiszakkepzo.hu\/<\/a>[\/vc_column_text][vc_empty_space height=&#8221;35px&#8221;][vc_empty_space height=&#8221;35px&#8221;]\t\t<\/div>\n\t<\/div>\n\t<\/div><\/div>[\/vc_column][\/vc_row][vc_row content_width=&#8221;grid&#8221; css=&#8221;.vc_custom_1686165348705{padding-bottom: 90px !important;}&#8221; el_id=&#8221;szlovak_intezet&#8221;][vc_column offset=&#8221;vc_col-lg-6 vc_col-md-6 vc_col-xs-12&#8243;][vc_single_image image=&#8221;20363&#8243; img_size=&#8221;full&#8221;][vc_empty_space height=&#8221;35px&#8221;][\/vc_column][vc_column offset=&#8221;vc_col-lg-6 vc_col-md-6 vc_col-xs-12&#8243;]<div class=\"edgtf-elements-holder edgtf-responsive-mode-768\" ><div class=\"edgtf-elements-holder-item \" data-item-class=\"edgtf-elements-holder-custom-849276\" data-1280-1600=\"2% 7% 2% 5%\" data-1024-1280=\"2% 7% 2% 5%\" data-768-1024=\"2% 0% 2% 3%\" data-600-768=\"5% 0% 1% 0%\" >\n\t\t<div class=\"edgtf-elements-holder-item-inner\">\n\t\t<div class=\"edgtf-elements-holder-item-content edgtf-elements-holder-custom-849276\" style=\"padding: 2% 7% 2% 5%\">\n\t\t\t[vc_column_text]<\/p>\n<h2>Szlov\u00e1k Int\u00e9zet Budapest<\/h2>\n<p>[\/vc_column_text][vc_column_text]<\/p>\n<h5>Year of joining: 2023<\/h5>\n<p>[\/vc_column_text][vc_column_text]<a href=\"https:\/\/www.mzv.sk\/web\/sibudapest-hu\" target=\"_blank\" rel=\"noopener\">https:\/\/www.mzv.sk\/web\/sibudapest-hu<\/a>[\/vc_column_text][vc_empty_space height=&#8221;35px&#8221;][vc_empty_space height=&#8221;35px&#8221;]\t\t<\/div>\n\t<\/div>\n\t<\/div><\/div>[\/vc_column][\/vc_row]<\/p>\n<\/section>","protected":false},"excerpt":{"rendered":"<p>[vc_row content_width=&#8221;grid&#8221; el_class=&#8221;anchor-item&#8221;][vc_column][vc_empty_space height=&#8221;100px&#8221;][\/vc_column][\/vc_row][vc_row content_width=&#8221;grid&#8221; css=&#8221;.vc_custom_1620059285836{padding-bottom: 90px !important;}&#8221; el_id=&#8221;szolad&#8221;][vc_column offset=&#8221;vc_col-lg-6 vc_col-md-6 vc_col-xs-12&#8243;][vc_single_image image=&#8221;18591&#8243; img_size=&#8221;full&#8221;][vc_empty_space height=&#8221;35px&#8221;][\/vc_column][vc_column offset=&#8221;vc_col-lg-6 vc_col-md-6 vc_col-xs-12&#8243;][\/vc_column][\/vc_row][vc_row content_width=&#8221;grid&#8221; css=&#8221;.vc_custom_1620061963635{padding-bottom: 90px !important;}&#8221; el_id=&#8221;rajkai-laszlo&#8221;][vc_column offset=&#8221;vc_col-lg-6 vc_col-md-6 vc_col-xs-12&#8243;][vc_single_image image=&#8221;18583&#8243; img_size=&#8221;full&#8221;][vc_empty_space height=&#8221;35px&#8221;][\/vc_column][vc_column offset=&#8221;vc_col-lg-6 vc_col-md-6 vc_col-xs-12&#8243;][\/vc_column][\/vc_row][vc_row content_width=&#8221;grid&#8221; css=&#8221;.vc_custom_1655281911894{padding-bottom: 90px !important;}&#8221; el_id=&#8221;kultura-hu&#8221;][vc_column offset=&#8221;vc_col-lg-6 vc_col-md-6 vc_col-xs-12&#8243;][vc_single_image image=&#8221;19655&#8243; img_size=&#8221;full&#8221;][vc_empty_space height=&#8221;35px&#8221;][\/vc_column][vc_column offset=&#8221;vc_col-lg-6 vc_col-md-6 vc_col-xs-12&#8243;][\/vc_column][\/vc_row][vc_row content_width=&#8221;grid&#8221; css=&#8221;.vc_custom_1655281999259{padding-bottom: 90px !important;}&#8221; el_id=&#8221;kogart&#8221;][vc_column offset=&#8221;vc_col-lg-6 vc_col-md-6 vc_col-xs-12&#8243;][vc_single_image image=&#8221;20014&#8243;&#8230;<\/p>\n","protected":false},"author":1,"featured_media":0,"parent":0,"menu_order":0,"comment_status":"closed","ping_status":"closed","template":"full-width.php","meta":{"footnotes":""},"class_list":["post-19474","page","type-page","status-publish","hentry"],"_links":{"self":[{"href":"https:\/\/balatonartresidency.com\/en\/wp-json\/wp\/v2\/pages\/19474","targetHints":{"allow":["GET"]}}],"collection":[{"href":"https:\/\/balatonartresidency.com\/en\/wp-json\/wp\/v2\/pages"}],"about":[{"href":"https:\/\/balatonartresidency.com\/en\/wp-json\/wp\/v2\/types\/page"}],"author":[{"embeddable":true,"href":"https:\/\/balatonartresidency.com\/en\/wp-json\/wp\/v2\/users\/1"}],"replies":[{"embeddable":true,"href":"https:\/\/balatonartresidency.com\/en\/wp-json\/wp\/v2\/comments?post=19474"}],"version-history":[{"count":13,"href":"https:\/\/balatonartresidency.com\/en\/wp-json\/wp\/v2\/pages\/19474\/revisions"}],"predecessor-version":[{"id":20404,"href":"https:\/\/balatonartresidency.com\/en\/wp-json\/wp\/v2\/pages\/19474\/revisions\/20404"}],"wp:attachment":[{"href":"https:\/\/balatonartresidency.com\/en\/wp-json\/wp\/v2\/media?parent=19474"}],"curies":[{"name":"wp","href":"https:\/\/api.w.org\/{rel}","templated":true}]}}