{"id":19469,"date":"2022-03-17T08:52:51","date_gmt":"2022-03-17T08:52:51","guid":{"rendered":"https:\/\/kortarsalkotomuhely.hu\/honorary-board\/"},"modified":"2023-06-26T19:58:10","modified_gmt":"2023-06-26T19:58:10","slug":"honorary-board","status":"publish","type":"page","link":"https:\/\/balatonartresidency.com\/en\/honorary-board\/","title":{"rendered":"Honorary Board"},"content":{"rendered":"<section class=\"wpb-content-wrapper\"><p>[vc_row content_width=&#8221;grid&#8221; css=&#8221;.vc_custom_1492766097301{padding-top: 67px !important;padding-bottom: 50px !important;}&#8221;][vc_column]<div class=\"edgtf-elements-holder edgtf-responsive-mode-768\" ><div class=\"edgtf-elements-holder-item edgtf-horizontal-alignment-center\" data-item-class=\"edgtf-elements-holder-custom-468908\" data-1280-1600=\"0% 10%\" data-1024-1280=\"0% 11%\" data-768-1024=\"0% 14% 0% 14%\" data-600-768=\"0% 15% 0% 15%\" data-480-600=\"0% 6% 0% 6%\" data-480=\"0% 6% 0% 6%\" >\n\t\t<div class=\"edgtf-elements-holder-item-inner\">\n\t\t<div class=\"edgtf-elements-holder-item-content edgtf-elements-holder-custom-468908\" style=\"padding: 0 13%\">\n\t\t\t[vc_column_text]<\/p>\n<h2>Honorary Board<\/h2>\n<p>[\/vc_column_text][vc_empty_space height=&#8221;30px&#8221;]\n<p class=\"edgtf-section-subtitle\" style=\"color:#888888\">\n\tOur Foundation is supported by an Honorary Board. The purpose of the Honorary Board is to provide professional support for the Foundation&#039;s operations, its development direction, and its short and long-term strategic objectives as well as their implementation<\/p>[vc_empty_space height=&#8221;30px&#8221;]<div class=\"edgtf-unordered-list  edgtf-square\" >\n<ul>\n<li style=\"text-align: left;\"><span style=\"font-weight: 400;\">The Honorary Board assists and advises the management of the Foundation to set and help to achieve the Foundation\u2019s objectives<\/span><\/li>\n<li style=\"text-align: left;\"><span style=\"font-weight: 400;\">The Honorary Board is the Foundation&#8217;s main advisory and support body.<\/span><\/li>\n<\/ul>\n<\/div><div class=\"edgtf-separator-holder clearfix  edgtf-separator-center\">\n\t<div class=\"edgtf-separator\" style=\"border-color: #ffb422;width: 50px;border-bottom-width: 3px;margin-top: 31px;margin-bottom: 35px\"><\/div>\n<\/div>\n\t\t<\/div>\n\t<\/div>\n\t<\/div><\/div>[\/vc_column][\/vc_row][vc_row css=&#8221;.vc_custom_1492762263134{padding-bottom: 40px !important;}&#8221;][vc_column][vc_row_inner content_width=&#8221;grid&#8221;][vc_column_inner width=&#8221;1\/4&#8243; offset=&#8221;vc_col-lg-3 vc_col-md-6 vc_col-xs-12&#8243;]\n<div class=\"edgtf-team main-info-below-image\">\n\t<div class=\"edgtf-team-inner\">\n\t\t\t\t\t<div class=\"edgtf-team-image\">\n                <img loading=\"lazy\" decoding=\"async\" width=\"300\" height=\"300\" src=\"https:\/\/balatonartresidency.com\/wp-content\/uploads\/2021\/05\/borosaron.webp\" class=\"attachment-full size-full\" alt=\"\" \/>                \t\t\t<\/div>\n\t\t\n\t\t\t\t\t<div class=\"edgtf-team-info\">\n\t\t\t\t\t\t\t\t\t<div class=\"edgtf-team-title-holder normal_social\">\n\t\t\t\t\t\t\t\t\t\t\t\t\t<h4 class=\"edgtf-team-name\" >\n\t\t\t\t\t\t\t\tDr. \u00c1ron Boros\t\t\t\t\t\t\t<\/h4>\n\t\t\t\t\t\t\t\t\t\t\t\t\t\t\t\t\t\t\t<p class=\"edgtf-team-position\" >President of Board<\/p>\n\t\t\t\t\t\t\t\t\t\t\t<\/div>\n\t\t\t\t\n\t\t\t\t\t\t\t\t\t<div class='edgtf-team-text'>\n\t\t\t\t\t\t<div class='edgtf-team-text-inner'>\n\t\t\t\t\t\t\t<div class='edgtf-team-description'>\n\t\t\t\t\t\t\t\t<p >CEO, Stradamus Zrt.<\/p>\n\t\t\t\t\t\t\t<\/div>\n\t\t\t\t\t\t<\/div>\n\t\t\t\t\t<\/div>\n\t\t\t\t\n\t\t<div class=\"edgtf-team-social-holder-between\">\n\t\t\t<div class=\"edgtf-team-social normal_social\">\n\t\t\t\t<div class=\"edgtf-team-social-inner\">\n\t\t\t\t\t<div class=\"edgtf-team-social-wrapp\">\n\n\t\t\t\t\t\t\n\t\t\t\t\t<\/div>\n\t\t\t\t<\/div>\n\t\t\t<\/div>\n\t\t<\/div>\n\n\t\t<\/div>\n\t<\/div>\n<\/div>[vc_empty_space height=&#8221;35px&#8221;][\/vc_column_inner][vc_column_inner width=&#8221;1\/4&#8243; offset=&#8221;vc_col-lg-3 vc_col-md-6 vc_col-xs-12&#8243;]\n<div class=\"edgtf-team main-info-below-image\">\n\t<div class=\"edgtf-team-inner\">\n\t\t\t\t\t<div class=\"edgtf-team-image\">\n                <img loading=\"lazy\" decoding=\"async\" width=\"420\" height=\"420\" src=\"https:\/\/balatonartresidency.com\/wp-content\/uploads\/2021\/05\/kosinskyrichard2.webp\" class=\"attachment-full size-full\" alt=\"\" \/>                \t\t\t<\/div>\n\t\t\n\t\t\t\t\t<div class=\"edgtf-team-info\">\n\t\t\t\t\t\t\t\t\t<div class=\"edgtf-team-title-holder normal_social\">\n\t\t\t\t\t\t\t\t\t\t\t\t\t<h4 class=\"edgtf-team-name\" >\n\t\t\t\t\t\t\t\tRich\u00e1rd Kosinsky\t\t\t\t\t\t\t<\/h4>\n\t\t\t\t\t\t\t\t\t\t\t\t\t\t\t\t\t<\/div>\n\t\t\t\t\n\t\t\t\t\t\t\t\t\t<div class='edgtf-team-text'>\n\t\t\t\t\t\t<div class='edgtf-team-text-inner'>\n\t\t\t\t\t\t\t<div class='edgtf-team-description'>\n\t\t\t\t\t\t\t\t<p >Art Director, Art Historian, KOGART Art Foundation<\/p>\n\t\t\t\t\t\t\t<\/div>\n\t\t\t\t\t\t<\/div>\n\t\t\t\t\t<\/div>\n\t\t\t\t\n\t\t<div class=\"edgtf-team-social-holder-between\">\n\t\t\t<div class=\"edgtf-team-social normal_social\">\n\t\t\t\t<div class=\"edgtf-team-social-inner\">\n\t\t\t\t\t<div class=\"edgtf-team-social-wrapp\">\n\n\t\t\t\t\t\t\n\t\t\t\t\t<\/div>\n\t\t\t\t<\/div>\n\t\t\t<\/div>\n\t\t<\/div>\n\n\t\t<\/div>\n\t<\/div>\n<\/div>[vc_empty_space height=&#8221;35px&#8221;][\/vc_column_inner][vc_column_inner width=&#8221;1\/4&#8243; offset=&#8221;vc_col-lg-3 vc_col-md-6 vc_col-xs-12&#8243;]\n<div class=\"edgtf-team main-info-below-image\">\n\t<div class=\"edgtf-team-inner\">\n\t\t\t\t\t<div class=\"edgtf-team-image\">\n                <img loading=\"lazy\" decoding=\"async\" width=\"300\" height=\"300\" src=\"https:\/\/balatonartresidency.com\/wp-content\/uploads\/2021\/04\/kondorattila.webp\" class=\"attachment-full size-full\" alt=\"\" \/>                \t\t\t<\/div>\n\t\t\n\t\t\t\t\t<div class=\"edgtf-team-info\">\n\t\t\t\t\t\t\t\t\t<div class=\"edgtf-team-title-holder normal_social\">\n\t\t\t\t\t\t\t\t\t\t\t\t\t<h4 class=\"edgtf-team-name\" >\n\t\t\t\t\t\t\t\tAttila Kondor\t\t\t\t\t\t\t<\/h4>\n\t\t\t\t\t\t\t\t\t\t\t\t\t\t\t\t\t<\/div>\n\t\t\t\t\n\t\t\t\t\t\t\t\t\t<div class='edgtf-team-text'>\n\t\t\t\t\t\t<div class='edgtf-team-text-inner'>\n\t\t\t\t\t\t\t<div class='edgtf-team-description'>\n\t\t\t\t\t\t\t\t<p >Artist, Animation film director<\/p>\n\t\t\t\t\t\t\t<\/div>\n\t\t\t\t\t\t<\/div>\n\t\t\t\t\t<\/div>\n\t\t\t\t\n\t\t<div class=\"edgtf-team-social-holder-between\">\n\t\t\t<div class=\"edgtf-team-social normal_social\">\n\t\t\t\t<div class=\"edgtf-team-social-inner\">\n\t\t\t\t\t<div class=\"edgtf-team-social-wrapp\">\n\n\t\t\t\t\t\t\n\t\t\t\t\t<\/div>\n\t\t\t\t<\/div>\n\t\t\t<\/div>\n\t\t<\/div>\n\n\t\t<\/div>\n\t<\/div>\n<\/div>[vc_empty_space height=&#8221;35px&#8221;][\/vc_column_inner][vc_column_inner width=&#8221;1\/4&#8243;]\n<div class=\"edgtf-team main-info-below-image\">\n\t<div class=\"edgtf-team-inner\">\n\t\t\t\t\t<div class=\"edgtf-team-image\">\n                <img loading=\"lazy\" decoding=\"async\" width=\"380\" height=\"380\" src=\"https:\/\/balatonartresidency.com\/wp-content\/uploads\/2021\/04\/default-avatar.png\" class=\"attachment-full size-full\" alt=\"\" srcset=\"https:\/\/balatonartresidency.com\/wp-content\/uploads\/2021\/04\/default-avatar.png 380w, https:\/\/balatonartresidency.com\/wp-content\/uploads\/2021\/04\/default-avatar-300x300.png 300w, https:\/\/balatonartresidency.com\/wp-content\/uploads\/2021\/04\/default-avatar-150x150.png 150w\" sizes=\"auto, (max-width: 380px) 100vw, 380px\" \/>                \t\t\t<\/div>\n\t\t\n\t\t\t\t\t<div class=\"edgtf-team-info\">\n\t\t\t\t\t\t\t\t\t<div class=\"edgtf-team-title-holder normal_social\">\n\t\t\t\t\t\t\t\t\t\t\t\t\t<h4 class=\"edgtf-team-name\" >\n\t\t\t\t\t\t\t\tElem\u00e9r R\u00f3zs\u00e1s\t\t\t\t\t\t\t<\/h4>\n\t\t\t\t\t\t\t\t\t\t\t\t\t\t\t\t\t<\/div>\n\t\t\t\t\n\t\t\t\t\t\t\t\t\t<div class='edgtf-team-text'>\n\t\t\t\t\t\t<div class='edgtf-team-text-inner'>\n\t\t\t\t\t\t\t<div class='edgtf-team-description'>\n\t\t\t\t\t\t\t\t<p >Mayor of Sz\u00f3l\u00e1d, Managing Director of R\u00f3zs\u00e1s B.H.L Ltd.<\/p>\n\t\t\t\t\t\t\t<\/div>\n\t\t\t\t\t\t<\/div>\n\t\t\t\t\t<\/div>\n\t\t\t\t\n\t\t<div class=\"edgtf-team-social-holder-between\">\n\t\t\t<div class=\"edgtf-team-social normal_social\">\n\t\t\t\t<div class=\"edgtf-team-social-inner\">\n\t\t\t\t\t<div class=\"edgtf-team-social-wrapp\">\n\n\t\t\t\t\t\t\n\t\t\t\t\t<\/div>\n\t\t\t\t<\/div>\n\t\t\t<\/div>\n\t\t<\/div>\n\n\t\t<\/div>\n\t<\/div>\n<\/div>[vc_empty_space height=&#8221;35px&#8221;][\/vc_column_inner][\/vc_row_inner][vc_row_inner content_width=&#8221;grid&#8221;][vc_column_inner width=&#8221;1\/4&#8243; offset=&#8221;vc_col-lg-3 vc_col-md-6 vc_col-xs-12&#8243;]\n<div class=\"edgtf-team main-info-below-image\">\n\t<div class=\"edgtf-team-inner\">\n\t\t\t\t\t<div class=\"edgtf-team-image\">\n                <img loading=\"lazy\" decoding=\"async\" width=\"299\" height=\"299\" src=\"https:\/\/balatonartresidency.com\/wp-content\/uploads\/2023\/06\/raymond-li-crop.jpg\" class=\"attachment-full size-full\" alt=\"\" srcset=\"https:\/\/balatonartresidency.com\/wp-content\/uploads\/2023\/06\/raymond-li-crop.jpg 299w, https:\/\/balatonartresidency.com\/wp-content\/uploads\/2023\/06\/raymond-li-crop-150x150.jpg 150w\" sizes=\"auto, (max-width: 299px) 100vw, 299px\" \/>                \t\t\t<\/div>\n\t\t\n\t\t\t\t\t<div class=\"edgtf-team-info\">\n\t\t\t\t\t\t\t\t\t<div class=\"edgtf-team-title-holder normal_social\">\n\t\t\t\t\t\t\t\t\t\t\t\t\t<h4 class=\"edgtf-team-name\" >\n\t\t\t\t\t\t\t\tRaymond Li\t\t\t\t\t\t\t<\/h4>\n\t\t\t\t\t\t\t\t\t\t\t\t\t\t\t\t\t<\/div>\n\t\t\t\t\n\t\t\t\t\t\t\t\t\t<div class='edgtf-team-text'>\n\t\t\t\t\t\t<div class='edgtf-team-text-inner'>\n\t\t\t\t\t\t\t<div class='edgtf-team-description'>\n\t\t\t\t\t\t\t\t<p >Asia Pacific (APAC) Business Development Advisor-BAR, Head of Institutional Sales APAC- TMX Group<\/p>\n\t\t\t\t\t\t\t<\/div>\n\t\t\t\t\t\t<\/div>\n\t\t\t\t\t<\/div>\n\t\t\t\t\n\t\t<div class=\"edgtf-team-social-holder-between\">\n\t\t\t<div class=\"edgtf-team-social normal_social\">\n\t\t\t\t<div class=\"edgtf-team-social-inner\">\n\t\t\t\t\t<div class=\"edgtf-team-social-wrapp\">\n\n\t\t\t\t\t\t\n\t\t\t\t\t<\/div>\n\t\t\t\t<\/div>\n\t\t\t<\/div>\n\t\t<\/div>\n\n\t\t<\/div>\n\t<\/div>\n<\/div>[vc_empty_space height=&#8221;35px&#8221;][\/vc_column_inner][vc_column_inner width=&#8221;1\/4&#8243; offset=&#8221;vc_col-lg-3 vc_col-md-6 vc_col-xs-12&#8243;][\/vc_column_inner][vc_column_inner width=&#8221;1\/4&#8243; offset=&#8221;vc_col-lg-3 vc_col-md-6 vc_col-xs-12&#8243;][\/vc_column_inner][vc_column_inner width=&#8221;1\/4&#8243;][\/vc_column_inner][\/vc_row_inner][\/vc_column][\/vc_row][vc_row content_width=&#8221;grid&#8221; css=&#8221;.vc_custom_1620033042641{margin-bottom: -30px !important;padding-top: 100px !important;padding-bottom: 100px !important;background-image: url(https:\/\/balatonartresidency.com\/wp-content\/uploads\/2017\/03\/h3-backgound-img-1.jpg?id=14558) !important;}&#8221;][vc_column][vc_column_text]<\/p>\n<h4 style=\"text-align: center;\">Message from our Honorary Board members<\/h4>\n<p>[\/vc_column_text]<div class=\"edgtf-separator-holder clearfix  edgtf-separator-center\">\n\t<div class=\"edgtf-separator\" style=\"border-color: #ffb422;width: 50px;border-bottom-width: 3px;margin-top: 31px;margin-bottom: 35px\"><\/div>\n<\/div>\n[\/vc_column][vc_column width=&#8221;1\/2&#8243; css=&#8221;.vc_custom_1620144258502{background-color: #ffffff !important;}&#8221; el_class=&#8221;elnokseg-testimonial&#8221;][vc_column_text]<em>\u201cArts are an essential part of our thinking, our conceptualisation of community and of the individual, society and identity. To raise relevant questions that can bridge the gap between local and global perspectives, it is necessary to create spaces of reflection, intellectual and creative centres of creativity. All this to be done in an autonomous and sustainable way that builds heavily on local communities.<br \/>\nIn addition to the love of contemporary art, the Lake Balaton Contemporary Art Residency was born out of these long-term visions: a residency programme embedded by strong professionalism, accompanied by mentors, which will in time become regionally significant and provide a representative picture of our contemporary art scene, thus also laying the foundation for an international outlook.<br \/>\nIt is both an honour and a challenge to be part of such an ambitious programme, the promise of the experience of thinking together &#8211; to be part of a creative intellectual community.\u201d<\/em>[\/vc_column_text][vc_empty_space][vc_single_image image=&#8221;18750&#8243; img_size=&#8221;full&#8221; alignment=&#8221;center&#8221;][vc_empty_space height=&#8221;10px&#8221;][vc_column_text]<\/p>\n<h5 style=\"text-align: center;\">Rich\u00e1rd Kosinsky<\/h5>\n<p>[\/vc_column_text][\/vc_column][vc_column width=&#8221;1\/2&#8243; css=&#8221;.vc_custom_1620144271243{background-color: #ffffff !important;}&#8221; el_class=&#8221;elnokseg-testimonial&#8221;][vc_column_text]<em>\u201cThe mentor programme of the Art Residency at Sz\u00f3l\u00e1d works much like the focus of a camera lens: it helps young artists gather and concentrate their artistic energies. This can create an amazing opportunity for an art residency to become a true intellectual workshop.\u201d<\/em>[\/vc_column_text][vc_empty_space][vc_single_image image=&#8221;18492&#8243; img_size=&#8221;full&#8221; alignment=&#8221;center&#8221;][vc_empty_space height=&#8221;10px&#8221;][vc_column_text]<\/p>\n<h5 style=\"text-align: center;\">Attila Kondor<\/h5>\n<p>[\/vc_column_text][\/vc_column][\/vc_row]<\/p>\n<\/section>","protected":false},"excerpt":{"rendered":"<p>[vc_row content_width=&#8221;grid&#8221; css=&#8221;.vc_custom_1492766097301{padding-top: 67px !important;padding-bottom: 50px !important;}&#8221;][vc_column][\/vc_column][\/vc_row][vc_row css=&#8221;.vc_custom_1492762263134{padding-bottom: 40px !important;}&#8221;][vc_column][vc_row_inner content_width=&#8221;grid&#8221;][vc_column_inner width=&#8221;1\/4&#8243; offset=&#8221;vc_col-lg-3 vc_col-md-6 vc_col-xs-12&#8243;][vc_empty_space height=&#8221;35px&#8221;][\/vc_column_inner][vc_column_inner width=&#8221;1\/4&#8243; offset=&#8221;vc_col-lg-3 vc_col-md-6 vc_col-xs-12&#8243;][vc_empty_space height=&#8221;35px&#8221;][\/vc_column_inner][vc_column_inner width=&#8221;1\/4&#8243; offset=&#8221;vc_col-lg-3 vc_col-md-6 vc_col-xs-12&#8243;][vc_empty_space height=&#8221;35px&#8221;][\/vc_column_inner][vc_column_inner width=&#8221;1\/4&#8243;][vc_empty_space height=&#8221;35px&#8221;][\/vc_column_inner][\/vc_row_inner][vc_row_inner content_width=&#8221;grid&#8221;][vc_column_inner width=&#8221;1\/4&#8243; offset=&#8221;vc_col-lg-3 vc_col-md-6 vc_col-xs-12&#8243;][vc_empty_space height=&#8221;35px&#8221;][\/vc_column_inner][vc_column_inner width=&#8221;1\/4&#8243; offset=&#8221;vc_col-lg-3 vc_col-md-6 vc_col-xs-12&#8243;][\/vc_column_inner][vc_column_inner width=&#8221;1\/4&#8243; offset=&#8221;vc_col-lg-3 vc_col-md-6 vc_col-xs-12&#8243;][\/vc_column_inner][vc_column_inner width=&#8221;1\/4&#8243;][\/vc_column_inner][\/vc_row_inner][\/vc_column][\/vc_row][vc_row content_width=&#8221;grid&#8221; css=&#8221;.vc_custom_1620033042641{margin-bottom: -30px !important;padding-top: 100px !important;padding-bottom: 100px !important;background-image: url(https:\/\/balatonartresidency.com\/wp-content\/uploads\/2017\/03\/h3-backgound-img-1.jpg?id=14558) !important;}&#8221;][vc_column][vc_column_text] Message from&#8230;<\/p>\n","protected":false},"author":1,"featured_media":0,"parent":0,"menu_order":0,"comment_status":"closed","ping_status":"closed","template":"full-width.php","meta":{"footnotes":""},"class_list":["post-19469","page","type-page","status-publish","hentry"],"_links":{"self":[{"href":"https:\/\/balatonartresidency.com\/en\/wp-json\/wp\/v2\/pages\/19469","targetHints":{"allow":["GET"]}}],"collection":[{"href":"https:\/\/balatonartresidency.com\/en\/wp-json\/wp\/v2\/pages"}],"about":[{"href":"https:\/\/balatonartresidency.com\/en\/wp-json\/wp\/v2\/types\/page"}],"author":[{"embeddable":true,"href":"https:\/\/balatonartresidency.com\/en\/wp-json\/wp\/v2\/users\/1"}],"replies":[{"embeddable":true,"href":"https:\/\/balatonartresidency.com\/en\/wp-json\/wp\/v2\/comments?post=19469"}],"version-history":[{"count":6,"href":"https:\/\/balatonartresidency.com\/en\/wp-json\/wp\/v2\/pages\/19469\/revisions"}],"predecessor-version":[{"id":20381,"href":"https:\/\/balatonartresidency.com\/en\/wp-json\/wp\/v2\/pages\/19469\/revisions\/20381"}],"wp:attachment":[{"href":"https:\/\/balatonartresidency.com\/en\/wp-json\/wp\/v2\/media?parent=19469"}],"curies":[{"name":"wp","href":"https:\/\/api.w.org\/{rel}","templated":true}]}}